{"id":99,"date":"2024-08-01T10:40:29","date_gmt":"2024-08-01T07:40:29","guid":{"rendered":"https:\/\/law-hil.com\/privacy-policy\/"},"modified":"2024-08-01T13:20:48","modified_gmt":"2024-08-01T10:20:48","slug":"privacy-policy","status":"publish","type":"page","link":"https:\/\/law-hil.com\/pl\/privacy-policy\/","title":{"rendered":"Polityka prywatno\u015bci"},"content":{"rendered":"<ol>\n<li><b> Postanowienia og\u00f3lne<\/b><span style=\"font-weight: 400;\"> Niniejsza polityka przetwarzania danych osobowych zosta\u0142a sporz\u0105dzona zgodnie z wymogami Ustawy Unii Europejskiej z dnia 25.05.2018 nr 679 \u201eOg\u00f3lne rozporz\u0105dzenie o ochronie danych\u201d (zwane dalej ustaw\u0105 o danych osobowych). Okre\u015bla spos\u00f3b przetwarzania danych osobowych oraz \u015brodki bezpiecze\u0144stwa stosowane przez HIL International Lawyers &amp; Advisers B.V (zwany dalej Operatorem).<\/span><\/li>\n<\/ol>\n<p><span style=\"font-weight: 400;\">G\u0142\u00f3wnym celem Operatora jest poszanowanie praw i wolno\u015bci cz\u0142owieka przy przetwarzaniu jego danych osobowych, w tym ochrona prawa do prywatno\u015bci oraz tajemnicy osobistej i rodzinnej. Niniejsza Polityka (zwana dalej Polityk\u0105) dotyczy wszelkich informacji, jakie Operator mo\u017ce uzyska\u0107 na temat os\u00f3b odwiedzaj\u0105cych Stron\u0119<\/span><a href=\"https:\/\/law-hil.com\/pl\/\"> <span style=\" czcionka -waga: 400;\">https:\/\/law-hil.com\/<\/span><\/a><span style=\"font-weight: 400;\">.<\/span><\/p>\n<ol start=\"2\">\n<li><b>Podstawowe poj\u0119cia stosowane w Polityce<\/b><\/li>\n<\/ol>\n<ul>\n<li style=\"waga czcionki: 400;\" aria-level=\"1\"><b>Zautomatyzowane przetwarzanie danych osobowych:<\/b><span style=\"font-weight: 400;\">przetwarzanie danych z wykorzystaniem technologii komputerowej;<\/span><\/li>\n<li style=\"waga czcionki: 400;\" aria-level=\"1\"><b>Blokowanie danych osobowych:<\/b><span style=\"font-weight: 400;\">tymczasowe zaprzestanie przetwarzania danych (z wyj\u0105tkiem przypadk\u00f3w, gdy przetwarzanie jest niezb\u0119dne do wyja\u015bnienia danych );<\/b><span style=\"font-weight: 400;\"> span><\/li>\n<li style=\"waga czcionki: 400;\" aria-level=\"1\"><b>Strona internetowa:<\/b><span style=\"font-weight: 400;\">zbi\u00f3r materia\u0142\u00f3w graficznych, informacyjnych oraz program\u00f3w i baz danych, dost\u0119pnych pod adresem sieciowym <\/span><a href=\"https:\/\/law-hil.com\/pl\/\"> <span style=\"font-weight: 400;\">https:\/\/law-hil.com\/<\/span> <\/a><span style=\"font-weight: 400;\">;<\/span><\/li>\n<li style=\"waga czcionki: 400;\" aria-level=\"1\"><b>System informacji o danych osobowych:<\/b><span style=\"font-weight: 400;\">zesp\u00f3\u0142 technologii danych i informacji oraz \u015brodk\u00f3w technicznych zapewniaj\u0105cych ich przetwarzanie;<\/b><span style=\"font-weight: 400;\"> rozpi\u0119to\u015b\u0107>< \/li>\n<li style=\"waga czcionki: 400;\" aria-level=\"1\"><b>Anonimizacja danych osobowych:<\/b><span style=\"font-weight: 400;\"> dzia\u0142ania, po kt\u00f3rych nie ma mo\u017cliwo\u015bci ustalenia, czy dane nale\u017c\u0105 do konkretnego u\u017cytkownika, bez wykorzystuj\u0105c dodatkowe informacje;<\/span <\/li>\n<li style=\"waga czcionki: 400;\" aria-level=\"1\"><b>Przetwarzanie danych osobowych:<\/b><span style=\"font-weight: 400;\"> wszelkie dzia\u0142ania na danych, w tym gromadzenie, utrwalanie, systematyzacja, gromadzenie, przechowywanie, wyja\u015bnianie , wykorzystywanie, przenoszenie, depersonalizacja, blokowanie, usuwanie, niszczenie;<\/span><\/li>\n<li style=\"waga czcionki: 400;\" aria-level=\"1\"><b>Operator:<\/b><span style=\"font-weight: 400;\"> organizacja lub osoba organizuj\u0105ca i\/lub dokonuj\u0105ca przetwarzania danych, a tak\u017ce okre\u015blaj\u0105ca cele i dzia\u0142ania z danymi ;<\/span><\/li>\n<li style=\"waga czcionki: 400;\" aria-level=\"1\"><b>Dane osobowe:<\/b><span style=\"font-weight: 400;\">wszelkie informacje dotycz\u0105ce u\u017cytkownika serwisu<\/span><a href=\"https :\/\/law-hil.com\/pl\/\"> <span style=\"font-weight: 400;\">https:\/\/law-hil.com\/<\/span><\/a><span style=\"font -waga: 400;\">;<\/span><\/li>\n<li style=\"waga czcionki: 400;\" aria-level=\"1\"><b>U\u017cytkownik:<\/b><span style=\"font-weight: 400;\">dowolny u\u017cytkownik witryny<\/span><a href=\"https:\/\/law-hil. com\/pl\/\"> <span style=\"font-weight: 400;\">https:\/\/law-hil.com\/<\/span><\/a><span style=\"font-weight: 400;\"> ;<\/span><\/li>\n<li style=\"waga czcionki: 400;\" aria-level=\"1\"><b>Podanie danych osobowych:<\/b><span style=\"font-weight: 400;\"> dzia\u0142ania maj\u0105ce na celu udost\u0119pnienie danych okre\u015blonej osobie lub grupie os\u00f3b;<\/span> <\/li>\n<li style=\"waga czcionki: 400;\" aria-level=\"1\"><b>Rozpowszechnianie danych osobowych:<\/b><span style=\"font-weight: 400;\"> dzia\u0142ania maj\u0105ce na celu udost\u0119pnienie danych nieokre\u015blonej liczbie os\u00f3b;<\/span>< \/li>\n<li style=\"waga czcionki: 400;\" aria-level=\"1\"><b>Transgraniczne przekazywanie danych osobowych:<\/b><span style=\"font-weight: 400;\">przekazywanie danych na terytorium innego pa\u0144stwa;<\/span> <\/li>\n<li style=\"waga czcionki: 400;\" aria-level=\"1\"><b>Zniszczenie danych osobowych:<\/b><span style=\"font-weight: 400;\"> dzia\u0142ania prowadz\u0105ce do zniszczenia danych bez mo\u017cliwo\u015bci ich odzyskania.<\/span> <\/li >\n<\/ul>\n<ol start=\"3\">\n<li><b>Operator mo\u017ce przetwarza\u0107 nast\u0119puj\u0105ce dane osobowe U\u017cytkownika:<\/b><\/li>\n<\/ol>\n<ul>\n<li style=\"waga czcionki: 400;\" aria-level=\"1\"><span style=\"font-weight: 400;\">Nazwisko, imi\u0119, patronimika;<\/span><\/li>\n<li style=\"waga czcionki: 400;\" aria-level=\"1\"><span style=\"font-weight: 400;\">Adres e-mail;<\/span><\/li>\n<li style=\"waga czcionki: 400;\" aria-level=\"1\"><span style=\"font-weight: 400;\">Numery telefon\u00f3w;<\/span><\/li>\n<li style=\"waga czcionki: 400;\" aria-level=\"1\"><span style=\"font-weight: 400;\">Data i miejsce urodzenia;<\/span><\/li>\n<li style=\"waga czcionki: 400;\" aria-level=\"1\"><span style=\"font-weight: 400;\">Zdj\u0119cia.<\/span><\/li>\n<\/ul>\n<p><span style=\"font-weight: 400;\">Na sStrona zbiera i przetwarza tak\u017ce zanonimizowane dane o odwiedzaj\u0105cych (w tym pliki cookies) korzystaj\u0105c z internetowych us\u0142ug statystycznych Yandex.Metrica i Google Analytics.<\/span><\/p>\n<ol start=\"4\">\n<li><b>Cele przetwarzania danych osobowych<\/b><span style=\"font-weight: 400;\"> Przetwarzanie danych U\u017cytkownika odbywa si\u0119 w celu informowania go poprzez wysy\u0142anie wiadomo\u015bci e-mail, zawieranie i realizacj\u0119 um\u00f3w, udost\u0119pnianie dost\u0119p do serwisu i materia\u0142\u00f3w. Operator mo\u017ce wysy\u0142a\u0107 powiadomienia o nowych produktach i us\u0142ugach, ofertach specjalnych i wydarzeniach, z kt\u00f3rych U\u017cytkownik mo\u017ce odm\u00f3wi\u0107, wysy\u0142aj\u0105c wiadomo\u015b\u0107 e-mail na adres support@law-hil.com.<\/span><\/li>\n<\/ol>\n<p><span style=\"font-weight: 400;\">Anonimowe dane s\u0105 gromadzone w celu analizy dzia\u0142a\u0144 u\u017cytkownik\u00f3w w witrynie oraz poprawy jej jako\u015bci i zawarto\u015bci.<\/span><\/p>\n<ol start=\"5\">\n<li><b>Podstawa prawna przetwarzania danych osobowych<\/b><span style=\"font-weight: 400;\"> Operator przetwarza dane wy\u0142\u0105cznie w\u00f3wczas, gdy zostan\u0105 one wype\u0142nione i\/lub przes\u0142ane przez U\u017cytkownika poprzez formularze znajduj\u0105ce si\u0119 na stronie strona. Przesy\u0142aj\u0105c dane, U\u017cytkownik wyra\u017ca zgod\u0119 na niniejsz\u0105 Polityk\u0119. Dane zanonimizowane s\u0105 przetwarzane, je\u017celi zezwalaj\u0105 na to ustawienia przegl\u0105darki U\u017cytkownika.<\/span><\/li>\n<li><b>Procedura gromadzenia, przechowywania, przekazywania i innego rodzaju przetwarzania danych osobowych<\/b><span style=\"font-weight: 400;\"> Bezpiecze\u0144stwo danych zapewniaj\u0105 \u015brodki prawne, organizacyjne i techniczne. Dost\u0119p do danych przez osoby trzecie mo\u017cliwy jest wy\u0142\u0105cznie w przypadkach przewidzianych przepisami prawa. U\u017cytkownik mo\u017ce zaktualizowa\u0107 dane wysy\u0142aj\u0105c wiadomo\u015b\u0107 e-mail na adres support@law-hil.com. Przetwarzanie danych trwa do momentu wycofania zgody przez U\u017cytkownika, co nast\u0119puje r\u00f3wnie\u017c poprzez wys\u0142anie pisma na adres support@law-hil.com.<\/span><\/li>\n<li><b>Transgraniczny transfer danych osobowych<\/b><span style=\"font-weight: 400;\"> Przed przekazaniem danych do innego kraju Operator zapewnia rzeteln\u0105 ochron\u0119 praw os\u00f3b, kt\u00f3rych dane dotycz\u0105. Przekazanie do kraj\u00f3w nieposiadaj\u0105cych wystarczaj\u0105cej ochrony mo\u017cliwe jest wy\u0142\u0105cznie za pisemn\u0105 zgod\u0105 osoby, kt\u00f3rej dane dotycz\u0105 lub w ramach realizacji umowy.<\/span><\/li>\n<\/ol>\n<p><b>8. Postanowienia ko\u0144cowe<\/b><span style=\"font-weight: 400;\">W celu wyja\u015bnienia kwestii zwi\u0105zanych z przetwarzaniem danych U\u017cytkownik mo\u017ce skontaktowa\u0107 si\u0119 z Operatorem za po\u015brednictwem poczty elektronicznej support@law-hil.com. Polityka obowi\u0105zuje przez czas nieokre\u015blony do momentu zast\u0105pienia jej now\u0105 wersj\u0105.<\/span><\/p>\n","protected":false},"excerpt":{"rendered":"<p>Postanowienia og\u00f3lne Niniejsza polityka przetwarzania danych osobowych zosta\u0142a sporz\u0105dzona zgodnie z wymogami Ustawy Unii Europejskiej z dnia 25.05.2018 nr 679 \u201eOg\u00f3lne rozporz\u0105dzenie o ochronie danych\u201d (zwane dalej ustaw\u0105 o danych osobowych). Okre\u015bla spos\u00f3b przetwarzania danych osobowych oraz \u015brodki bezpiecze\u0144stwa stosowane przez HIL International Lawyers &amp; Advisers B.V (zwany dalej Operatorem). G\u0142\u00f3wnym celem Operatora jest poszanowanie [&hellip;]<\/p>\n","protected":false},"author":1,"featured_media":0,"parent":0,"menu_order":0,"comment_status":"closed","ping_status":"closed","template":"","meta":{"footnotes":""},"class_list":["post-99","page","type-page","status-publish","hentry"],"acf":[],"yoast_head":"<!-- This site is optimized with the Yoast SEO plugin v23.1 - https:\/\/yoast.com\/wordpress\/plugins\/seo\/ -->\n<title>Polityka prywatno\u015bci - Drid<\/title>\n<meta name=\"robots\" content=\"index, follow, max-snippet:-1, max-image-preview:large, max-video-preview:-1\" \/>\n<link rel=\"canonical\" href=\"https:\/\/law-hil.com\/pl\/privacy-policy\/\" \/>\n<meta property=\"og:locale\" content=\"pl_PL\" \/>\n<meta property=\"og:type\" content=\"article\" \/>\n<meta property=\"og:title\" content=\"Polityka prywatno\u015bci - Drid\" \/>\n<meta property=\"og:description\" content=\"Postanowienia og\u00f3lne Niniejsza polityka przetwarzania danych osobowych zosta\u0142a sporz\u0105dzona zgodnie z wymogami Ustawy Unii Europejskiej z dnia 25.05.2018 nr 679 \u201eOg\u00f3lne rozporz\u0105dzenie o ochronie danych\u201d (zwane dalej ustaw\u0105 o danych osobowych). Okre\u015bla spos\u00f3b przetwarzania danych osobowych oraz \u015brodki bezpiecze\u0144stwa stosowane przez HIL International Lawyers &amp; Advisers B.V (zwany dalej Operatorem). G\u0142\u00f3wnym celem Operatora jest poszanowanie [&hellip;]\" \/>\n<meta property=\"og:url\" content=\"https:\/\/law-hil.com\/pl\/privacy-policy\/\" \/>\n<meta property=\"og:site_name\" content=\"Drid\" \/>\n<meta property=\"article:modified_time\" content=\"2024-08-01T10:20:48+00:00\" \/>\n<meta name=\"twitter:card\" content=\"summary_large_image\" \/>\n<meta name=\"twitter:label1\" content=\"Szacowany czas czytania\" \/>\n\t<meta name=\"twitter:data1\" content=\"3 minuty\" \/>\n<script type=\"application\/ld+json\" class=\"yoast-schema-graph\">{\"@context\":\"https:\/\/schema.org\",\"@graph\":[{\"@type\":\"WebPage\",\"@id\":\"https:\/\/law-hil.com\/pl\/privacy-policy\/\",\"url\":\"https:\/\/law-hil.com\/pl\/privacy-policy\/\",\"name\":\"Polityka prywatno\u015bci - Drid\",\"isPartOf\":{\"@id\":\"https:\/\/law-hil.com\/#website\"},\"datePublished\":\"2024-08-01T07:40:29+00:00\",\"dateModified\":\"2024-08-01T10:20:48+00:00\",\"breadcrumb\":{\"@id\":\"https:\/\/law-hil.com\/pl\/privacy-policy\/#breadcrumb\"},\"inLanguage\":\"pl-PL\",\"potentialAction\":[{\"@type\":\"ReadAction\",\"target\":[\"https:\/\/law-hil.com\/pl\/privacy-policy\/\"]}]},{\"@type\":\"BreadcrumbList\",\"@id\":\"https:\/\/law-hil.com\/pl\/privacy-policy\/#breadcrumb\",\"itemListElement\":[{\"@type\":\"ListItem\",\"position\":1,\"name\":\"\u0413\u043b\u0430\u0432\u043d\u0430\u044f \u0441\u0442\u0440\u0430\u043d\u0438\u0446\u0430\",\"item\":\"https:\/\/law-hil.com\/pl\/\"},{\"@type\":\"ListItem\",\"position\":2,\"name\":\"Polityka prywatno\u015bci\"}]},{\"@type\":\"WebSite\",\"@id\":\"https:\/\/law-hil.com\/#website\",\"url\":\"https:\/\/law-hil.com\/\",\"name\":\"Drid\",\"description\":\"\",\"publisher\":{\"@id\":\"https:\/\/law-hil.com\/#organization\"},\"potentialAction\":[{\"@type\":\"SearchAction\",\"target\":{\"@type\":\"EntryPoint\",\"urlTemplate\":\"https:\/\/law-hil.com\/?s={search_term_string}\"},\"query-input\":\"required name=search_term_string\"}],\"inLanguage\":\"pl-PL\"},{\"@type\":\"Organization\",\"@id\":\"https:\/\/law-hil.com\/#organization\",\"name\":\"Drid\",\"url\":\"https:\/\/law-hil.com\/\",\"logo\":{\"@type\":\"ImageObject\",\"inLanguage\":\"pl-PL\",\"@id\":\"https:\/\/law-hil.com\/#\/schema\/logo\/image\/\",\"url\":\"https:\/\/law-hil.com\/wp-content\/uploads\/2024\/07\/logo.svg\",\"contentUrl\":\"https:\/\/law-hil.com\/wp-content\/uploads\/2024\/07\/logo.svg\",\"caption\":\"Drid\"},\"image\":{\"@id\":\"https:\/\/law-hil.com\/#\/schema\/logo\/image\/\"}}]}<\/script>\n<!-- \/ Yoast SEO plugin. -->","yoast_head_json":{"title":"Polityka prywatno\u015bci - Drid","robots":{"index":"index","follow":"follow","max-snippet":"max-snippet:-1","max-image-preview":"max-image-preview:large","max-video-preview":"max-video-preview:-1"},"canonical":"https:\/\/law-hil.com\/pl\/privacy-policy\/","og_locale":"pl_PL","og_type":"article","og_title":"Polityka prywatno\u015bci - Drid","og_description":"Postanowienia og\u00f3lne Niniejsza polityka przetwarzania danych osobowych zosta\u0142a sporz\u0105dzona zgodnie z wymogami Ustawy Unii Europejskiej z dnia 25.05.2018 nr 679 \u201eOg\u00f3lne rozporz\u0105dzenie o ochronie danych\u201d (zwane dalej ustaw\u0105 o danych osobowych). Okre\u015bla spos\u00f3b przetwarzania danych osobowych oraz \u015brodki bezpiecze\u0144stwa stosowane przez HIL International Lawyers &amp; Advisers B.V (zwany dalej Operatorem). G\u0142\u00f3wnym celem Operatora jest poszanowanie [&hellip;]","og_url":"https:\/\/law-hil.com\/pl\/privacy-policy\/","og_site_name":"Drid","article_modified_time":"2024-08-01T10:20:48+00:00","twitter_card":"summary_large_image","twitter_misc":{"Szacowany czas czytania":"3 minuty"},"schema":{"@context":"https:\/\/schema.org","@graph":[{"@type":"WebPage","@id":"https:\/\/law-hil.com\/pl\/privacy-policy\/","url":"https:\/\/law-hil.com\/pl\/privacy-policy\/","name":"Polityka prywatno\u015bci - Drid","isPartOf":{"@id":"https:\/\/law-hil.com\/#website"},"datePublished":"2024-08-01T07:40:29+00:00","dateModified":"2024-08-01T10:20:48+00:00","breadcrumb":{"@id":"https:\/\/law-hil.com\/pl\/privacy-policy\/#breadcrumb"},"inLanguage":"pl-PL","potentialAction":[{"@type":"ReadAction","target":["https:\/\/law-hil.com\/pl\/privacy-policy\/"]}]},{"@type":"BreadcrumbList","@id":"https:\/\/law-hil.com\/pl\/privacy-policy\/#breadcrumb","itemListElement":[{"@type":"ListItem","position":1,"name":"\u0413\u043b\u0430\u0432\u043d\u0430\u044f \u0441\u0442\u0440\u0430\u043d\u0438\u0446\u0430","item":"https:\/\/law-hil.com\/pl\/"},{"@type":"ListItem","position":2,"name":"Polityka prywatno\u015bci"}]},{"@type":"WebSite","@id":"https:\/\/law-hil.com\/#website","url":"https:\/\/law-hil.com\/","name":"Drid","description":"","publisher":{"@id":"https:\/\/law-hil.com\/#organization"},"potentialAction":[{"@type":"SearchAction","target":{"@type":"EntryPoint","urlTemplate":"https:\/\/law-hil.com\/?s={search_term_string}"},"query-input":"required name=search_term_string"}],"inLanguage":"pl-PL"},{"@type":"Organization","@id":"https:\/\/law-hil.com\/#organization","name":"Drid","url":"https:\/\/law-hil.com\/","logo":{"@type":"ImageObject","inLanguage":"pl-PL","@id":"https:\/\/law-hil.com\/#\/schema\/logo\/image\/","url":"https:\/\/law-hil.com\/wp-content\/uploads\/2024\/07\/logo.svg","contentUrl":"https:\/\/law-hil.com\/wp-content\/uploads\/2024\/07\/logo.svg","caption":"Drid"},"image":{"@id":"https:\/\/law-hil.com\/#\/schema\/logo\/image\/"}}]}},"_links":{"self":[{"href":"https:\/\/law-hil.com\/pl\/wp-json\/wp\/v2\/pages\/99","targetHints":{"allow":["GET"]}}],"collection":[{"href":"https:\/\/law-hil.com\/pl\/wp-json\/wp\/v2\/pages"}],"about":[{"href":"https:\/\/law-hil.com\/pl\/wp-json\/wp\/v2\/types\/page"}],"author":[{"embeddable":true,"href":"https:\/\/law-hil.com\/pl\/wp-json\/wp\/v2\/users\/1"}],"replies":[{"embeddable":true,"href":"https:\/\/law-hil.com\/pl\/wp-json\/wp\/v2\/comments?post=99"}],"version-history":[{"count":2,"href":"https:\/\/law-hil.com\/pl\/wp-json\/wp\/v2\/pages\/99\/revisions"}],"predecessor-version":[{"id":108,"href":"https:\/\/law-hil.com\/pl\/wp-json\/wp\/v2\/pages\/99\/revisions\/108"}],"wp:attachment":[{"href":"https:\/\/law-hil.com\/pl\/wp-json\/wp\/v2\/media?parent=99"}],"curies":[{"name":"wp","href":"https:\/\/api.w.org\/{rel}","templated":true}]}}