{"id":98,"date":"2024-08-01T10:40:29","date_gmt":"2024-08-01T07:40:29","guid":{"rendered":"https:\/\/law-hil.com\/privacy-policy\/"},"modified":"2024-08-01T13:21:34","modified_gmt":"2024-08-01T10:21:34","slug":"privacy-policy","status":"publish","type":"page","link":"https:\/\/law-hil.com\/de\/privacy-policy\/","title":{"rendered":"Datenschutzrichtlinie"},"content":{"rendered":"<ol>\n<li><b>Allgemeine Bestimmungen<\/b><span style=\"font-weight: 400;\"> Diese Richtlinie zur Verarbeitung personenbezogener Daten wurde in \u00dcbereinstimmung mit den Anforderungen des Gesetzes der Europ\u00e4ischen Union vom 25.05.2018 Nr. erstellt . 679 \u201eAllgemeine Datenschutzverordnung\u201c (im Folgenden \u201eGesetz \u00fcber personenbezogene Daten\u201c genannt). Es definiert die Verarbeitung personenbezogener Daten und die Sicherheitsma\u00dfnahmen von HIL International Lawyers &amp; Advisers B.V (im Folgenden als Betreiber bezeichnet).<\/span><\/li>\n<\/ol>\n<p><span style=\"font-weight: 400;\">Das Hauptziel des Betreibers ist die Achtung der Menschenrechte und Freiheiten bei der Verarbeitung seiner personenbezogenen Daten, einschlie\u00dflich des Schutzes der Rechte auf Privatsph\u00e4re sowie auf pers\u00f6nliche und famili\u00e4re Geheimnisse. Diese Richtlinie (im Folgenden \u201eRichtlinie\u201c genannt) gilt f\u00fcr alle Informationen, die der Betreiber \u00fcber Website-Besucher erhalten kann<\/span><a href=\"https:\/\/law-hil.com\/de\/\"> <span style=\" Schriftart -Gewicht: 400;\">https:\/\/law-hil.com\/<\/span><\/a><span style=\"font-weight: 400;\">.<\/span><\/p>\n<ol start=\"2\">\n<li><b>Grundlegende Konzepte, die in der Richtlinie verwendet werden<\/b><\/li>\n<\/ol>\n<ul>\n<li style=\"font-weight: 400;\" aria-level=\"1\"><b>Automatisierte Verarbeitung personenbezogener Daten:<\/b><span style=\"font-weight: 400;\">Datenverarbeitung mittels Computertechnologie;<\/span><\/li>\n<li style=\"font-weight: 400;\" aria-level=\"1\"><b>Sperrung personenbezogener Daten:<\/b><span style=\"font-weight: 400;\">vor\u00fcbergehende Einstellung der Datenverarbeitung (au\u00dfer in F\u00e4llen, in denen die Verarbeitung zur Kl\u00e4rung der Daten erforderlich ist). );<\/b><span style=\"font-weight: 400;\"> span><\/li>\n<li style=\"font-weight: 400;\" aria-level=\"1\"><b>Website:<\/b><span style=\"font-weight: 400;\">eine Sammlung von Grafik- und Informationsmaterialien sowie Programmen und Datenbanken, verf\u00fcgbar unter der Netzwerkadresse <\/span><a href=\"https:\/\/law-hil.com\/de\/\"> <span style=\"font-weight: 400;\">https:\/\/law-hil.com\/<\/span> <\/a><span style=\"font-weight: 400;\">;<\/span><\/li>\n<li style=\"font-weight: 400;\" aria-level=\"1\"><b>Informationssystem f\u00fcr personenbezogene Daten:<\/b><span style=\"font-weight: 400;\"> eine Reihe von Daten- und Informationstechnologien und technischen Mitteln, die deren Verarbeitung gew\u00e4hrleisten;<\/ span>< \/li>\n<li style=\"font-weight: 400;\" aria-level=\"1\"><b>Anonymisierung personenbezogener Daten:<\/b><span style=\"font-weight: 400;\"> Aktionen, nach denen es unm\u00f6glich ist, festzustellen, ob die Daten einem bestimmten Benutzer geh\u00f6ren Verwendung zus\u00e4tzlicher Informationen;<\/span <\/li>\n<li style=\"font-weight: 400;\" aria-level=\"1\"><b>Verarbeitung personenbezogener Daten:<\/b><span style=\"font-weight: 400;\"> jede Aktion mit Daten, einschlie\u00dflich Erhebung, Aufzeichnung, Systematisierung, Akkumulation, Speicherung, Kl\u00e4rung , Nutzung, \u00dcbertragung, Depersonalisierung, Sperrung, L\u00f6schung, Vernichtung;<\/span><\/li>\n<li style=\"font-weight: 400;\" aria-level=\"1\"><b>Betreiber:<\/b><span style=\"font-weight: 400;\"> Organisation oder Person, die die Datenverarbeitung organisiert und\/oder durchf\u00fchrt sowie die Zwecke und Ma\u00dfnahmen festlegt mit Daten ;<\/span><\/li>\n<li style=\"font-weight: 400;\" aria-level=\"1\"><b>Personenbezogene Daten:<\/b><span style=\"font-weight: 400;\"> alle Informationen, die sich auf den Nutzer der Website beziehen<\/span><a href=\"https :\/\/law-hil.com\/de\/\"> <span style=\"font-weight: 400;\">https:\/\/law-hil.com\/<\/span><\/a><span style=\"font -Gewicht: 400;\">;<\/span><\/li>\n<li style=\"font-weight: 400;\" aria-level=\"1\"><b>Benutzer:<\/b><span style=\"font-weight: 400;\">jeder Website-Besucher<\/span><a href=\"https:\/\/law-hil. com\/de\/\"> <span style=\"font-weight: 400;\">https:\/\/law-hil.com\/<\/span><\/a><span style=\"font-weight: 400;\"> ;<\/span><\/li>\n<li style=\"font-weight: 400;\" aria-level=\"1\"><b>Bereitstellung personenbezogener Daten:<\/b><span style=\"font-weight: 400;\">Aktionen, die darauf abzielen, Daten an eine bestimmte Person oder Personengruppe weiterzugeben;<\/span> <\/ li>\n<li style=\"font-weight: 400;\" aria-level=\"1\"><b>Verbreitung personenbezogener Daten:<\/b><span style=\"font-weight: 400;\"> Aktionen, die darauf abzielen, Daten an eine unbestimmte Anzahl von Personen weiterzugeben;<\/span>< \/li>\n<li style=\"font-weight: 400;\" aria-level=\"1\"><b>Grenz\u00fcberschreitende \u00dcbermittlung personenbezogener Daten:<\/b><span style=\"font-weight: 400;\">\u00dcbermittlung von Daten in das Hoheitsgebiet eines anderen Staates;<\/span> <\/li>\n<li style=\"font-weight: 400;\" aria-level=\"1\"><b>Vernichtung personenbezogener Daten:<\/b><span style=\"font-weight: 400;\"> Handlungen, die zur Zerst\u00f6rung von Daten ohne M\u00f6glichkeit der Wiederherstellung f\u00fchren.<\/span> <\/li >\n<\/ul>\n<ol start=\"3\">\n<li><b>Der Betreiber kann folgende personenbezogene Daten des Nutzers verarbeiten:<\/b><\/li>\n<\/ol>\n<ul>\n<li style=\"font-weight: 400;\" aria-level=\"1\"><span style=\"font-weight: 400;\">Nachname, Vorname, Vatersname;<\/span><\/li>\n<li style=\"font-weight: 400;\" aria-level=\"1\"><span style=\"font-weight: 400;\">E-Mail-Adresse;<\/span><\/li>\n<li style=\"font-weight: 400;\" aria-level=\"1\"><span style=\"font-weight: 400;\">Telefonnummern;<\/span><\/li>\n<li style=\"font-weight: 400;\" aria-level=\"1\"><span style=\"font-weight: 400;\">Geburtsdatum und -ort;<\/span><\/li>\n<li style=\"font-weight: 400;\" aria-level=\"1\"><span style=\"font-weight: 400;\">Fotos.<\/span><\/li>\n<\/ul>\n<p><span style=\"font-weight: 400;\">Auf sDie Website sammelt und verarbeitet au\u00dferdem anonymisierte Daten \u00fcber Besucher (einschlie\u00dflich Cookies) mithilfe der Internetstatistikdienste Yandex.Metrica und Google Analytics.<\/span><\/p>\n<ol start=\"4\">\n<li><b>Zwecke der Verarbeitung personenbezogener Daten<\/b><span style=\"font-weight: 400;\"> Die Verarbeitung der Daten des Nutzers erfolgt zu seiner Information durch E-Mail-Versand, zum Abschluss und zur Abwicklung von Vertr\u00e4gen, zur Bereitstellung Zugriff auf die Website mit Dienstleistungen und Materialien. Der Betreiber kann Benachrichtigungen \u00fcber neue Produkte und Dienstleistungen, Sonderangebote und Veranstaltungen senden, die der Benutzer ablehnen kann, indem er eine E-Mail an support@law-hil.com sendet.<\/span><\/li>\n<\/ol>\n<p><span style=\"font-weight: 400;\">Anonymisierte Daten werden gesammelt, um Benutzeraktionen auf der Website zu analysieren und deren Qualit\u00e4t und Inhalt zu verbessern.<\/span><\/p>\n<ol start=\"5\">\n<li><b>Rechtliche Gr\u00fcnde f\u00fcr die Verarbeitung personenbezogener Daten<\/b><span style=\"font-weight: 400;\"> Der Betreiber verarbeitet Daten nur, wenn sie vom Benutzer \u00fcber Formulare auf der ausgef\u00fcllt und\/oder gesendet werden Website. Durch die \u00dcbermittlung von Daten stimmt der Benutzer dieser Richtlinie zu. Anonymisierte Daten werden verarbeitet, sofern die Browsereinstellungen des Nutzers dies zulassen.<\/span><\/li>\n<li><b>Verfahren zur Erhebung, Speicherung, \u00dcbermittlung und sonstigen Verarbeitung personenbezogener Daten<\/b><span style=\"font-weight: 400;\"> Die Datensicherheit wird durch rechtliche, organisatorische und technische Ma\u00dfnahmen gew\u00e4hrleistet. Ein Zugriff auf die Daten durch Dritte ist nur in den gesetzlich vorgesehenen F\u00e4llen m\u00f6glich. Der Benutzer kann die Daten aktualisieren, indem er eine E-Mail an support@law-hil.com sendet. Die Datenverarbeitung wird bis zum Widerruf der Einwilligung des Nutzers fortgesetzt, was ebenfalls per Brief an support@law-hil.com erfolgt.<\/span><\/li>\n<li><b>Grenz\u00fcberschreitende \u00dcbermittlung personenbezogener Daten<\/b><span style=\"font-weight: 400;\"> Vor der \u00dcbermittlung von Daten in ein anderes Land stellt der Betreiber sicher, dass die Rechte der betroffenen Personen zuverl\u00e4ssig gewahrt werden. Eine \u00dcbermittlung in L\u00e4nder ohne ausreichenden Schutz ist nur mit schriftlicher Einwilligung der betroffenen Person oder im Rahmen der Vertragserf\u00fcllung m\u00f6glich.<\/span><\/li>\n<\/ol>\n<p><b>8. Schlussbestimmungen<\/b><span style=\"font-weight: 400;\">Zur Kl\u00e4rung von Fragen der Datenverarbeitung kann sich der Nutzer per E-Mail an support@law-hil.com an den Betreiber wenden. Die Richtlinie ist unbegrenzt g\u00fcltig, bis sie durch eine neue Version ersetzt wird.<\/span><\/p>\n","protected":false},"excerpt":{"rendered":"<p>Allgemeine Bestimmungen Diese Richtlinie zur Verarbeitung personenbezogener Daten wurde in \u00dcbereinstimmung mit den Anforderungen des Gesetzes der Europ\u00e4ischen Union vom 25.05.2018 Nr. erstellt . 679 \u201eAllgemeine Datenschutzverordnung\u201c (im Folgenden \u201eGesetz \u00fcber personenbezogene Daten\u201c genannt). Es definiert die Verarbeitung personenbezogener Daten und die Sicherheitsma\u00dfnahmen von HIL International Lawyers &amp; Advisers B.V (im Folgenden als Betreiber bezeichnet). [&hellip;]<\/p>\n","protected":false},"author":1,"featured_media":0,"parent":0,"menu_order":0,"comment_status":"closed","ping_status":"closed","template":"","meta":{"footnotes":""},"class_list":["post-98","page","type-page","status-publish","hentry"],"acf":[],"yoast_head":"<!-- This site is optimized with the Yoast SEO plugin v23.1 - https:\/\/yoast.com\/wordpress\/plugins\/seo\/ -->\n<title>Datenschutzrichtlinie - Drid<\/title>\n<meta name=\"robots\" content=\"index, follow, max-snippet:-1, max-image-preview:large, max-video-preview:-1\" \/>\n<link rel=\"canonical\" href=\"https:\/\/law-hil.com\/de\/privacy-policy\/\" \/>\n<meta property=\"og:locale\" content=\"de_DE\" \/>\n<meta property=\"og:type\" content=\"article\" \/>\n<meta property=\"og:title\" content=\"Datenschutzrichtlinie - Drid\" \/>\n<meta property=\"og:description\" content=\"Allgemeine Bestimmungen Diese Richtlinie zur Verarbeitung personenbezogener Daten wurde in \u00dcbereinstimmung mit den Anforderungen des Gesetzes der Europ\u00e4ischen Union vom 25.05.2018 Nr. erstellt . 679 \u201eAllgemeine Datenschutzverordnung\u201c (im Folgenden \u201eGesetz \u00fcber personenbezogene Daten\u201c genannt). Es definiert die Verarbeitung personenbezogener Daten und die Sicherheitsma\u00dfnahmen von HIL International Lawyers &amp; Advisers B.V (im Folgenden als Betreiber bezeichnet). [&hellip;]\" \/>\n<meta property=\"og:url\" content=\"https:\/\/law-hil.com\/de\/privacy-policy\/\" \/>\n<meta property=\"og:site_name\" content=\"Drid\" \/>\n<meta property=\"article:modified_time\" content=\"2024-08-01T10:21:34+00:00\" \/>\n<meta name=\"twitter:card\" content=\"summary_large_image\" \/>\n<meta name=\"twitter:label1\" content=\"Gesch\u00e4tzte Lesezeit\" \/>\n\t<meta name=\"twitter:data1\" content=\"3\u00a0Minuten\" \/>\n<script type=\"application\/ld+json\" class=\"yoast-schema-graph\">{\"@context\":\"https:\/\/schema.org\",\"@graph\":[{\"@type\":\"WebPage\",\"@id\":\"https:\/\/law-hil.com\/de\/privacy-policy\/\",\"url\":\"https:\/\/law-hil.com\/de\/privacy-policy\/\",\"name\":\"Datenschutzrichtlinie - Drid\",\"isPartOf\":{\"@id\":\"https:\/\/law-hil.com\/#website\"},\"datePublished\":\"2024-08-01T07:40:29+00:00\",\"dateModified\":\"2024-08-01T10:21:34+00:00\",\"breadcrumb\":{\"@id\":\"https:\/\/law-hil.com\/de\/privacy-policy\/#breadcrumb\"},\"inLanguage\":\"de\",\"potentialAction\":[{\"@type\":\"ReadAction\",\"target\":[\"https:\/\/law-hil.com\/de\/privacy-policy\/\"]}]},{\"@type\":\"BreadcrumbList\",\"@id\":\"https:\/\/law-hil.com\/de\/privacy-policy\/#breadcrumb\",\"itemListElement\":[{\"@type\":\"ListItem\",\"position\":1,\"name\":\"\u0413\u043b\u0430\u0432\u043d\u0430\u044f \u0441\u0442\u0440\u0430\u043d\u0438\u0446\u0430\",\"item\":\"https:\/\/law-hil.com\/de\/\"},{\"@type\":\"ListItem\",\"position\":2,\"name\":\"Datenschutzrichtlinie\"}]},{\"@type\":\"WebSite\",\"@id\":\"https:\/\/law-hil.com\/#website\",\"url\":\"https:\/\/law-hil.com\/\",\"name\":\"Drid\",\"description\":\"\",\"publisher\":{\"@id\":\"https:\/\/law-hil.com\/#organization\"},\"potentialAction\":[{\"@type\":\"SearchAction\",\"target\":{\"@type\":\"EntryPoint\",\"urlTemplate\":\"https:\/\/law-hil.com\/?s={search_term_string}\"},\"query-input\":\"required name=search_term_string\"}],\"inLanguage\":\"de\"},{\"@type\":\"Organization\",\"@id\":\"https:\/\/law-hil.com\/#organization\",\"name\":\"Drid\",\"url\":\"https:\/\/law-hil.com\/\",\"logo\":{\"@type\":\"ImageObject\",\"inLanguage\":\"de\",\"@id\":\"https:\/\/law-hil.com\/#\/schema\/logo\/image\/\",\"url\":\"https:\/\/law-hil.com\/wp-content\/uploads\/2024\/07\/logo.svg\",\"contentUrl\":\"https:\/\/law-hil.com\/wp-content\/uploads\/2024\/07\/logo.svg\",\"caption\":\"Drid\"},\"image\":{\"@id\":\"https:\/\/law-hil.com\/#\/schema\/logo\/image\/\"}}]}<\/script>\n<!-- \/ Yoast SEO plugin. -->","yoast_head_json":{"title":"Datenschutzrichtlinie - Drid","robots":{"index":"index","follow":"follow","max-snippet":"max-snippet:-1","max-image-preview":"max-image-preview:large","max-video-preview":"max-video-preview:-1"},"canonical":"https:\/\/law-hil.com\/de\/privacy-policy\/","og_locale":"de_DE","og_type":"article","og_title":"Datenschutzrichtlinie - Drid","og_description":"Allgemeine Bestimmungen Diese Richtlinie zur Verarbeitung personenbezogener Daten wurde in \u00dcbereinstimmung mit den Anforderungen des Gesetzes der Europ\u00e4ischen Union vom 25.05.2018 Nr. erstellt . 679 \u201eAllgemeine Datenschutzverordnung\u201c (im Folgenden \u201eGesetz \u00fcber personenbezogene Daten\u201c genannt). Es definiert die Verarbeitung personenbezogener Daten und die Sicherheitsma\u00dfnahmen von HIL International Lawyers &amp; Advisers B.V (im Folgenden als Betreiber bezeichnet). [&hellip;]","og_url":"https:\/\/law-hil.com\/de\/privacy-policy\/","og_site_name":"Drid","article_modified_time":"2024-08-01T10:21:34+00:00","twitter_card":"summary_large_image","twitter_misc":{"Gesch\u00e4tzte Lesezeit":"3\u00a0Minuten"},"schema":{"@context":"https:\/\/schema.org","@graph":[{"@type":"WebPage","@id":"https:\/\/law-hil.com\/de\/privacy-policy\/","url":"https:\/\/law-hil.com\/de\/privacy-policy\/","name":"Datenschutzrichtlinie - Drid","isPartOf":{"@id":"https:\/\/law-hil.com\/#website"},"datePublished":"2024-08-01T07:40:29+00:00","dateModified":"2024-08-01T10:21:34+00:00","breadcrumb":{"@id":"https:\/\/law-hil.com\/de\/privacy-policy\/#breadcrumb"},"inLanguage":"de","potentialAction":[{"@type":"ReadAction","target":["https:\/\/law-hil.com\/de\/privacy-policy\/"]}]},{"@type":"BreadcrumbList","@id":"https:\/\/law-hil.com\/de\/privacy-policy\/#breadcrumb","itemListElement":[{"@type":"ListItem","position":1,"name":"\u0413\u043b\u0430\u0432\u043d\u0430\u044f \u0441\u0442\u0440\u0430\u043d\u0438\u0446\u0430","item":"https:\/\/law-hil.com\/de\/"},{"@type":"ListItem","position":2,"name":"Datenschutzrichtlinie"}]},{"@type":"WebSite","@id":"https:\/\/law-hil.com\/#website","url":"https:\/\/law-hil.com\/","name":"Drid","description":"","publisher":{"@id":"https:\/\/law-hil.com\/#organization"},"potentialAction":[{"@type":"SearchAction","target":{"@type":"EntryPoint","urlTemplate":"https:\/\/law-hil.com\/?s={search_term_string}"},"query-input":"required name=search_term_string"}],"inLanguage":"de"},{"@type":"Organization","@id":"https:\/\/law-hil.com\/#organization","name":"Drid","url":"https:\/\/law-hil.com\/","logo":{"@type":"ImageObject","inLanguage":"de","@id":"https:\/\/law-hil.com\/#\/schema\/logo\/image\/","url":"https:\/\/law-hil.com\/wp-content\/uploads\/2024\/07\/logo.svg","contentUrl":"https:\/\/law-hil.com\/wp-content\/uploads\/2024\/07\/logo.svg","caption":"Drid"},"image":{"@id":"https:\/\/law-hil.com\/#\/schema\/logo\/image\/"}}]}},"_links":{"self":[{"href":"https:\/\/law-hil.com\/de\/wp-json\/wp\/v2\/pages\/98","targetHints":{"allow":["GET"]}}],"collection":[{"href":"https:\/\/law-hil.com\/de\/wp-json\/wp\/v2\/pages"}],"about":[{"href":"https:\/\/law-hil.com\/de\/wp-json\/wp\/v2\/types\/page"}],"author":[{"embeddable":true,"href":"https:\/\/law-hil.com\/de\/wp-json\/wp\/v2\/users\/1"}],"replies":[{"embeddable":true,"href":"https:\/\/law-hil.com\/de\/wp-json\/wp\/v2\/comments?post=98"}],"version-history":[{"count":1,"href":"https:\/\/law-hil.com\/de\/wp-json\/wp\/v2\/pages\/98\/revisions"}],"predecessor-version":[{"id":109,"href":"https:\/\/law-hil.com\/de\/wp-json\/wp\/v2\/pages\/98\/revisions\/109"}],"wp:attachment":[{"href":"https:\/\/law-hil.com\/de\/wp-json\/wp\/v2\/media?parent=98"}],"curies":[{"name":"wp","href":"https:\/\/api.w.org\/{rel}","templated":true}]}}